{"id":879,"date":"2026-02-14T11:46:21","date_gmt":"2026-02-14T11:46:21","guid":{"rendered":"http:\/\/kxmjvmo.cluster100.hosting.ovh.net\/index.php\/auditing-on-servicing-model-and-business-plan-sustainability\/"},"modified":"2026-04-10T16:26:07","modified_gmt":"2026-04-10T16:26:07","slug":"check-up-dellassetto-organizzativo","status":"publish","type":"page","link":"https:\/\/www.visalta.com\/index.php\/servizi\/check-up-dellassetto-organizzativo\/","title":{"rendered":"Check Up dell&#8217;assetto organizzativo"},"content":{"rendered":"\t\t<div data-elementor-type=\"wp-page\" data-elementor-id=\"879\" class=\"elementor elementor-879\" data-elementor-post-type=\"page\">\n\t\t\t\t<div class=\"elementor-element elementor-element-2f90caa3 e-flex e-con-boxed e-con e-parent\" data-id=\"2f90caa3\" data-element_type=\"container\" data-e-type=\"container\" data-settings=\"{&quot;background_background&quot;:&quot;classic&quot;}\">\n\t\t\t\t\t<div class=\"e-con-inner\">\n\t\t\t\t<div class=\"elementor-element elementor-element-50146f21 elementor-widget elementor-widget-breadcrumbs\" data-id=\"50146f21\" data-element_type=\"widget\" data-e-type=\"widget\" data-widget_type=\"breadcrumbs.default\">\n\t\t\t\t\t<p id=\"breadcrumbs\"><span><span><a href=\"https:\/\/www.visalta.com\/\">Home<\/a><\/span><\/span><\/p>\t\t\t\t<\/div>\n\t\t\t\t\t<\/div>\n\t\t\t\t<\/div>\n\t\t<div class=\"elementor-element elementor-element-63d73b7e e-flex e-con-boxed e-con e-parent\" data-id=\"63d73b7e\" data-element_type=\"container\" data-e-type=\"container\" data-settings=\"{&quot;background_background&quot;:&quot;classic&quot;}\">\n\t\t\t\t\t<div class=\"e-con-inner\">\n\t\t\t\t<div class=\"elementor-element elementor-element-4013b4f8 elementor-widget elementor-widget-heading\" data-id=\"4013b4f8\" data-element_type=\"widget\" data-e-type=\"widget\" data-widget_type=\"heading.default\">\n\t\t\t\t\t<h2 class=\"elementor-heading-title elementor-size-default\">Servizi di consulenza<\/h2>\t\t\t\t<\/div>\n\t\t<a class=\"elementor-element elementor-element-44aff5f1 e-con-full e-flex e-con e-child\" data-id=\"44aff5f1\" data-element_type=\"container\" data-e-type=\"container\" data-settings=\"{&quot;background_background&quot;:&quot;classic&quot;}\">\n\t\t\t\t<div class=\"elementor-element elementor-element-1c50f2b3 elementor-widget elementor-widget-heading\" data-id=\"1c50f2b3\" data-element_type=\"widget\" data-e-type=\"widget\" data-widget_type=\"heading.default\">\n\t\t\t\t\t<h2 class=\"elementor-heading-title elementor-size-default\">Check-up organizzativo<\/h2>\t\t\t\t<\/div>\n\t\t\t\t<\/a>\n\t\t\t\t\t<\/div>\n\t\t\t\t<\/div>\n\t\t<div class=\"elementor-element elementor-element-5209a65f e-flex e-con-boxed e-con e-parent\" data-id=\"5209a65f\" data-element_type=\"container\" data-e-type=\"container\" data-settings=\"{&quot;background_background&quot;:&quot;classic&quot;}\">\n\t\t\t\t\t<div class=\"e-con-inner\">\n\t\t<div class=\"elementor-element elementor-element-4941ce63 e-con-full e-flex e-con e-child\" data-id=\"4941ce63\" data-element_type=\"container\" data-e-type=\"container\">\n\t\t\t\t<div class=\"elementor-element elementor-element-394ad3e6 elementor-widget elementor-widget-text-editor\" data-id=\"394ad3e6\" data-element_type=\"widget\" data-e-type=\"widget\" data-widget_type=\"text-editor.default\">\n\t\t\t\t\t\t\t\t\t<p>Analisi approfondita del funzionamento aziendale per comprendere come le attivit\u00e0 vengono realmente svolte e individuare aree di miglioramento<\/p>\t\t\t\t\t\t\t\t<\/div>\n\t\t\t\t<div class=\"elementor-element elementor-element-5d40582 elementor-widget elementor-widget-heading\" data-id=\"5d40582\" data-element_type=\"widget\" data-e-type=\"widget\" data-widget_type=\"heading.default\">\n\t\t\t\t\t<h2 class=\"elementor-heading-title elementor-size-default\">Cosa analizziamo<\/h2>\t\t\t\t<\/div>\n\t\t\t\t<div class=\"elementor-element elementor-element-812d8ae elementor-widget elementor-widget-text-editor\" data-id=\"812d8ae\" data-element_type=\"widget\" data-e-type=\"widget\" data-widget_type=\"text-editor.default\">\n\t\t\t\t\t\t\t\t\t<ul><li>Processi operativi e di supporto<\/li><li>Struttura organizzativa e responsabilit\u00e0<\/li><li>Utilizzo delle tecnologie<\/li><li>Distribuzione delle attivit\u00e0<\/li><li>Meccanismi di coordinamento<\/li><\/ul>\t\t\t\t\t\t\t\t<\/div>\n\t\t\t\t<div class=\"elementor-element elementor-element-61368fc elementor-widget elementor-widget-heading\" data-id=\"61368fc\" data-element_type=\"widget\" data-e-type=\"widget\" data-widget_type=\"heading.default\">\n\t\t\t\t\t<h2 class=\"elementor-heading-title elementor-size-default\">Benefici<\/h2>\t\t\t\t<\/div>\n\t\t\t\t<div class=\"elementor-element elementor-element-0c6bdaf elementor-align-start elementor-icon-list--layout-traditional elementor-list-item-link-full_width elementor-widget elementor-widget-icon-list\" data-id=\"0c6bdaf\" data-element_type=\"widget\" data-e-type=\"widget\" data-widget_type=\"icon-list.default\">\n\t\t\t\t\t\t\t<ul class=\"elementor-icon-list-items\">\n\t\t\t\t\t\t\t<li class=\"elementor-icon-list-item\">\n\t\t\t\t\t\t\t\t\t\t\t<span class=\"elementor-icon-list-icon\">\n\t\t\t\t\t\t\t<svg aria-hidden=\"true\" class=\"e-font-icon-svg e-fas-check\" viewBox=\"0 0 512 512\" xmlns=\"http:\/\/www.w3.org\/2000\/svg\"><path d=\"M173.898 439.404l-166.4-166.4c-9.997-9.997-9.997-26.206 0-36.204l36.203-36.204c9.997-9.998 26.207-9.998 36.204 0L192 312.69 432.095 72.596c9.997-9.997 26.207-9.997 36.204 0l36.203 36.204c9.997 9.997 9.997 26.206 0 36.204l-294.4 294.401c-9.998 9.997-26.207 9.997-36.204-.001z\"><\/path><\/svg>\t\t\t\t\t\t<\/span>\n\t\t\t\t\t\t\t\t\t\t<span class=\"elementor-icon-list-text\">Identificazione delle inefficienze<\/span>\n\t\t\t\t\t\t\t\t\t<\/li>\n\t\t\t\t\t\t\t\t<li class=\"elementor-icon-list-item\">\n\t\t\t\t\t\t\t\t\t\t\t<span class=\"elementor-icon-list-icon\">\n\t\t\t\t\t\t\t<svg aria-hidden=\"true\" class=\"e-font-icon-svg e-fas-check\" viewBox=\"0 0 512 512\" xmlns=\"http:\/\/www.w3.org\/2000\/svg\"><path d=\"M173.898 439.404l-166.4-166.4c-9.997-9.997-9.997-26.206 0-36.204l36.203-36.204c9.997-9.998 26.207-9.998 36.204 0L192 312.69 432.095 72.596c9.997-9.997 26.207-9.997 36.204 0l36.203 36.204c9.997 9.997 9.997 26.206 0 36.204l-294.4 294.401c-9.998 9.997-26.207 9.997-36.204-.001z\"><\/path><\/svg>\t\t\t\t\t\t<\/span>\n\t\t\t\t\t\t\t\t\t\t<span class=\"elementor-icon-list-text\">Allineamento tra attivit\u00e0 e priorit\u00e0 strategiche<\/span>\n\t\t\t\t\t\t\t\t\t<\/li>\n\t\t\t\t\t\t\t\t<li class=\"elementor-icon-list-item\">\n\t\t\t\t\t\t\t\t\t\t\t<span class=\"elementor-icon-list-icon\">\n\t\t\t\t\t\t\t<svg aria-hidden=\"true\" class=\"e-font-icon-svg e-fas-check\" viewBox=\"0 0 512 512\" xmlns=\"http:\/\/www.w3.org\/2000\/svg\"><path d=\"M173.898 439.404l-166.4-166.4c-9.997-9.997-9.997-26.206 0-36.204l36.203-36.204c9.997-9.998 26.207-9.998 36.204 0L192 312.69 432.095 72.596c9.997-9.997 26.207-9.997 36.204 0l36.203 36.204c9.997 9.997 9.997 26.206 0 36.204l-294.4 294.401c-9.998 9.997-26.207 9.997-36.204-.001z\"><\/path><\/svg>\t\t\t\t\t\t<\/span>\n\t\t\t\t\t\t\t\t\t\t<span class=\"elementor-icon-list-text\">Individuazione di opportunit\u00e0 di digitalizzazione<\/span>\n\t\t\t\t\t\t\t\t\t<\/li>\n\t\t\t\t\t\t\t\t<li class=\"elementor-icon-list-item\">\n\t\t\t\t\t\t\t\t\t\t\t<span class=\"elementor-icon-list-icon\">\n\t\t\t\t\t\t\t<svg aria-hidden=\"true\" class=\"e-font-icon-svg e-fas-check\" viewBox=\"0 0 512 512\" xmlns=\"http:\/\/www.w3.org\/2000\/svg\"><path d=\"M173.898 439.404l-166.4-166.4c-9.997-9.997-9.997-26.206 0-36.204l36.203-36.204c9.997-9.998 26.207-9.998 36.204 0L192 312.69 432.095 72.596c9.997-9.997 26.207-9.997 36.204 0l36.203 36.204c9.997 9.997 9.997 26.206 0 36.204l-294.4 294.401c-9.998 9.997-26.207 9.997-36.204-.001z\"><\/path><\/svg>\t\t\t\t\t\t<\/span>\n\t\t\t\t\t\t\t\t\t\t<span class=\"elementor-icon-list-text\">Misurazione dei costi di processo<\/span>\n\t\t\t\t\t\t\t\t\t<\/li>\n\t\t\t\t\t\t\t\t<li class=\"elementor-icon-list-item\">\n\t\t\t\t\t\t\t\t\t\t\t<span class=\"elementor-icon-list-icon\">\n\t\t\t\t\t\t\t<svg aria-hidden=\"true\" class=\"e-font-icon-svg e-fas-check\" viewBox=\"0 0 512 512\" xmlns=\"http:\/\/www.w3.org\/2000\/svg\"><path d=\"M173.898 439.404l-166.4-166.4c-9.997-9.997-9.997-26.206 0-36.204l36.203-36.204c9.997-9.998 26.207-9.998 36.204 0L192 312.69 432.095 72.596c9.997-9.997 26.207-9.997 36.204 0l36.203 36.204c9.997 9.997 9.997 26.206 0 36.204l-294.4 294.401c-9.998 9.997-26.207 9.997-36.204-.001z\"><\/path><\/svg>\t\t\t\t\t\t<\/span>\n\t\t\t\t\t\t\t\t\t\t<span class=\"elementor-icon-list-text\">Evidenza dei gap di competenze<\/span>\n\t\t\t\t\t\t\t\t\t<\/li>\n\t\t\t\t\t\t<\/ul>\n\t\t\t\t\t\t<\/div>\n\t\t\t\t<div class=\"elementor-element elementor-element-bb89564 elementor-widget elementor-widget-heading\" data-id=\"bb89564\" data-element_type=\"widget\" data-e-type=\"widget\" data-widget_type=\"heading.default\">\n\t\t\t\t\t<h2 class=\"elementor-heading-title elementor-size-default\">Durata tipica<\/h2>\t\t\t\t<\/div>\n\t\t\t\t<div class=\"elementor-element elementor-element-018cc0e elementor-widget elementor-widget-text-editor\" data-id=\"018cc0e\" data-element_type=\"widget\" data-e-type=\"widget\" data-widget_type=\"text-editor.default\">\n\t\t\t\t\t\t\t\t\t<p>4\u20138 settimane<\/p>\t\t\t\t\t\t\t\t<\/div>\n\t\t\t\t<\/div>\n\t\t<div class=\"elementor-element elementor-element-55774a03 e-con-full e-transform e-flex e-con e-child\" data-id=\"55774a03\" data-element_type=\"container\" data-e-type=\"container\" data-settings=\"{&quot;background_background&quot;:&quot;classic&quot;,&quot;_transform_translateY_effect_hover&quot;:{&quot;unit&quot;:&quot;px&quot;,&quot;size&quot;:-2,&quot;sizes&quot;:[]},&quot;_transform_translateX_effect_hover&quot;:{&quot;unit&quot;:&quot;px&quot;,&quot;size&quot;:&quot;&quot;,&quot;sizes&quot;:[]},&quot;_transform_translateX_effect_hover_tablet&quot;:{&quot;unit&quot;:&quot;px&quot;,&quot;size&quot;:&quot;&quot;,&quot;sizes&quot;:[]},&quot;_transform_translateX_effect_hover_mobile&quot;:{&quot;unit&quot;:&quot;px&quot;,&quot;size&quot;:&quot;&quot;,&quot;sizes&quot;:[]},&quot;_transform_translateY_effect_hover_tablet&quot;:{&quot;unit&quot;:&quot;px&quot;,&quot;size&quot;:&quot;&quot;,&quot;sizes&quot;:[]},&quot;_transform_translateY_effect_hover_mobile&quot;:{&quot;unit&quot;:&quot;px&quot;,&quot;size&quot;:&quot;&quot;,&quot;sizes&quot;:[]}}\">\n\t\t<div class=\"elementor-element elementor-element-40699b10 e-con-full e-flex e-con e-child\" data-id=\"40699b10\" data-element_type=\"container\" data-e-type=\"container\" data-settings=\"{&quot;background_background&quot;:&quot;gradient&quot;}\">\n\t\t\t\t<div class=\"elementor-element elementor-element-6c270899 elementor-widget elementor-widget-heading\" data-id=\"6c270899\" data-element_type=\"widget\" data-e-type=\"widget\" data-widget_type=\"heading.default\">\n\t\t\t\t\t<h2 class=\"elementor-heading-title elementor-size-default\">Parliamo del tuo progetto?<\/h2>\t\t\t\t<\/div>\n\t\t\t\t<div class=\"elementor-element elementor-element-32d574c6 elementor-widget elementor-widget-text-editor\" data-id=\"32d574c6\" data-element_type=\"widget\" data-e-type=\"widget\" data-widget_type=\"text-editor.default\">\n\t\t\t\t\t\t\t\t\tContattaci oggi per una consultazione gratuita. Analizzeremo le tue esigenze specifiche per costruire un piano d&#8217;azione su misura.\t\t\t\t\t\t\t\t<\/div>\n\t\t\t\t<div class=\"elementor-element elementor-element-b3ebe6a elementor-widget elementor-widget-button\" data-id=\"b3ebe6a\" data-element_type=\"widget\" data-e-type=\"widget\" data-widget_type=\"button.default\">\n\t\t\t\t\t\t\t\t\t\t<a class=\"elementor-button elementor-button-link elementor-size-sm\" href=\"https:\/\/www.visalta.com\/index.php\/contacts\/\">\n\t\t\t\t\t\t<span class=\"elementor-button-content-wrapper\">\n\t\t\t\t\t\t<span class=\"elementor-button-icon\">\n\t\t\t\t<svg aria-hidden=\"true\" class=\"e-font-icon-svg e-fas-arrow-right\" viewBox=\"0 0 448 512\" xmlns=\"http:\/\/www.w3.org\/2000\/svg\"><path d=\"M190.5 66.9l22.2-22.2c9.4-9.4 24.6-9.4 33.9 0L441 239c9.4 9.4 9.4 24.6 0 33.9L246.6 467.3c-9.4 9.4-24.6 9.4-33.9 0l-22.2-22.2c-9.5-9.5-9.3-25 .4-34.3L311.4 296H24c-13.3 0-24-10.7-24-24v-32c0-13.3 10.7-24 24-24h287.4L190.9 101.2c-9.8-9.3-10-24.8-.4-34.3z\"><\/path><\/svg>\t\t\t<\/span>\n\t\t\t\t\t\t\t\t\t<span class=\"elementor-button-text\">Richiedi una consulenza<\/span>\n\t\t\t\t\t<\/span>\n\t\t\t\t\t<\/a>\n\t\t\t\t\t\t\t\t<\/div>\n\t\t\t\t<\/div>\n\t\t\t\t<div class=\"elementor-element elementor-element-5375bd2b elementor-widget elementor-widget-image\" data-id=\"5375bd2b\" data-element_type=\"widget\" data-e-type=\"widget\" data-widget_type=\"image.default\">\n\t\t\t\t\t\t\t\t\t\t\t\t\t\t\t<img fetchpriority=\"high\" decoding=\"async\" width=\"1536\" height=\"1024\" src=\"https:\/\/www.visalta.com\/wp-content\/uploads\/2026\/04\/Collaborazione-strategica-in-ufficio.png\" class=\"attachment-full size-full wp-image-1838\" alt=\"\" srcset=\"https:\/\/www.visalta.com\/wp-content\/uploads\/2026\/04\/Collaborazione-strategica-in-ufficio.png 1536w, https:\/\/www.visalta.com\/wp-content\/uploads\/2026\/04\/Collaborazione-strategica-in-ufficio-300x200.png 300w, https:\/\/www.visalta.com\/wp-content\/uploads\/2026\/04\/Collaborazione-strategica-in-ufficio-1024x683.png 1024w, https:\/\/www.visalta.com\/wp-content\/uploads\/2026\/04\/Collaborazione-strategica-in-ufficio-768x512.png 768w\" sizes=\"(max-width: 1536px) 100vw, 1536px\" \/>\t\t\t\t\t\t\t\t\t\t\t\t\t\t\t<\/div>\n\t\t\t\t<\/div>\n\t\t\t\t\t<\/div>\n\t\t\t\t<\/div>\n\t\t\t\t<\/div>\n\t\t","protected":false},"excerpt":{"rendered":"<p>Servizi di consulenza Check-up organizzativo Analisi approfondita del funzionamento aziendale per comprendere come le attivit\u00e0 vengono realmente svolte e individuare aree di miglioramento Cosa analizziamo Processi operativi e di supporto Struttura organizzativa e responsabilit\u00e0 Utilizzo delle tecnologie Distribuzione delle attivit\u00e0 Meccanismi di coordinamento Benefici Identificazione delle inefficienze Allineamento tra attivit\u00e0 e priorit\u00e0 strategiche Individuazione di [&hellip;]<\/p>\n","protected":false},"author":1,"featured_media":0,"parent":894,"menu_order":0,"comment_status":"closed","ping_status":"closed","template":"","meta":{"footnotes":""},"class_list":["post-879","page","type-page","status-publish","hentry"],"yoast_head":"<!-- This site is optimized with the Yoast SEO plugin v27.4 - https:\/\/yoast.com\/product\/yoast-seo-wordpress\/ -->\n<title>Check Up dell&#039;assetto organizzativo - WordPress<\/title>\n<meta name=\"robots\" content=\"index, follow, max-snippet:-1, max-image-preview:large, max-video-preview:-1\" \/>\n<link rel=\"canonical\" href=\"https:\/\/www.visalta.com\/index.php\/servizi\/check-up-dellassetto-organizzativo\/\" \/>\n<meta property=\"og:locale\" content=\"it_IT\" \/>\n<meta property=\"og:type\" content=\"article\" \/>\n<meta property=\"og:title\" content=\"Check Up dell&#039;assetto organizzativo - WordPress\" \/>\n<meta property=\"og:description\" content=\"Servizi di consulenza Check-up organizzativo Analisi approfondita del funzionamento aziendale per comprendere come le attivit\u00e0 vengono realmente svolte e individuare aree di miglioramento Cosa analizziamo Processi operativi e di supporto Struttura organizzativa e responsabilit\u00e0 Utilizzo delle tecnologie Distribuzione delle attivit\u00e0 Meccanismi di coordinamento Benefici Identificazione delle inefficienze Allineamento tra attivit\u00e0 e priorit\u00e0 strategiche Individuazione di [&hellip;]\" \/>\n<meta property=\"og:url\" content=\"https:\/\/www.visalta.com\/index.php\/servizi\/check-up-dellassetto-organizzativo\/\" \/>\n<meta property=\"og:site_name\" content=\"WordPress\" \/>\n<meta property=\"article:modified_time\" content=\"2026-04-10T16:26:07+00:00\" \/>\n<meta property=\"og:image\" content=\"https:\/\/kxmjvmo.cluster100.hosting.ovh.net\/wp-content\/uploads\/2026\/04\/Collaborazione-strategica-in-ufficio.png\" \/>\n<meta name=\"twitter:card\" content=\"summary_large_image\" \/>\n<meta name=\"twitter:label1\" content=\"Est. reading time\" \/>\n\t<meta name=\"twitter:data1\" content=\"1 minuto\" \/>\n<script type=\"application\/ld+json\" class=\"yoast-schema-graph\">{\"@context\":\"https:\\\/\\\/schema.org\",\"@graph\":[{\"@type\":\"WebPage\",\"@id\":\"https:\\\/\\\/www.visalta.com\\\/index.php\\\/servizi\\\/check-up-dellassetto-organizzativo\\\/\",\"url\":\"https:\\\/\\\/www.visalta.com\\\/index.php\\\/servizi\\\/check-up-dellassetto-organizzativo\\\/\",\"name\":\"Check Up dell'assetto organizzativo - WordPress\",\"isPartOf\":{\"@id\":\"https:\\\/\\\/www.visalta.com\\\/#website\"},\"primaryImageOfPage\":{\"@id\":\"https:\\\/\\\/www.visalta.com\\\/index.php\\\/servizi\\\/check-up-dellassetto-organizzativo\\\/#primaryimage\"},\"image\":{\"@id\":\"https:\\\/\\\/www.visalta.com\\\/index.php\\\/servizi\\\/check-up-dellassetto-organizzativo\\\/#primaryimage\"},\"thumbnailUrl\":\"https:\\\/\\\/kxmjvmo.cluster100.hosting.ovh.net\\\/wp-content\\\/uploads\\\/2026\\\/04\\\/Collaborazione-strategica-in-ufficio.png\",\"datePublished\":\"2026-02-14T11:46:21+00:00\",\"dateModified\":\"2026-04-10T16:26:07+00:00\",\"breadcrumb\":{\"@id\":\"https:\\\/\\\/www.visalta.com\\\/index.php\\\/servizi\\\/check-up-dellassetto-organizzativo\\\/#breadcrumb\"},\"inLanguage\":\"it-IT\",\"potentialAction\":[{\"@type\":\"ReadAction\",\"target\":[\"https:\\\/\\\/www.visalta.com\\\/index.php\\\/servizi\\\/check-up-dellassetto-organizzativo\\\/\"]}]},{\"@type\":\"ImageObject\",\"inLanguage\":\"it-IT\",\"@id\":\"https:\\\/\\\/www.visalta.com\\\/index.php\\\/servizi\\\/check-up-dellassetto-organizzativo\\\/#primaryimage\",\"url\":\"https:\\\/\\\/kxmjvmo.cluster100.hosting.ovh.net\\\/wp-content\\\/uploads\\\/2026\\\/04\\\/Collaborazione-strategica-in-ufficio.png\",\"contentUrl\":\"https:\\\/\\\/kxmjvmo.cluster100.hosting.ovh.net\\\/wp-content\\\/uploads\\\/2026\\\/04\\\/Collaborazione-strategica-in-ufficio.png\"},{\"@type\":\"BreadcrumbList\",\"@id\":\"https:\\\/\\\/www.visalta.com\\\/index.php\\\/servizi\\\/check-up-dellassetto-organizzativo\\\/#breadcrumb\",\"itemListElement\":[{\"@type\":\"ListItem\",\"position\":1,\"name\":\"Home\",\"item\":\"https:\\\/\\\/www.visalta.com\\\/\"},{\"@type\":\"ListItem\",\"position\":2,\"name\":\"Servizi\",\"item\":\"https:\\\/\\\/www.visalta.com\\\/index.php\\\/servizi\\\/\"},{\"@type\":\"ListItem\",\"position\":3,\"name\":\"Check Up dell&#8217;assetto organizzativo\"}]},{\"@type\":\"WebSite\",\"@id\":\"https:\\\/\\\/www.visalta.com\\\/#website\",\"url\":\"https:\\\/\\\/www.visalta.com\\\/\",\"name\":\"Visalta\",\"description\":\"\",\"publisher\":{\"@id\":\"https:\\\/\\\/www.visalta.com\\\/#organization\"},\"potentialAction\":[{\"@type\":\"SearchAction\",\"target\":{\"@type\":\"EntryPoint\",\"urlTemplate\":\"https:\\\/\\\/www.visalta.com\\\/?s={search_term_string}\"},\"query-input\":{\"@type\":\"PropertyValueSpecification\",\"valueRequired\":true,\"valueName\":\"search_term_string\"}}],\"inLanguage\":\"it-IT\"},{\"@type\":\"Organization\",\"@id\":\"https:\\\/\\\/www.visalta.com\\\/#organization\",\"name\":\"Visalta Management Consulting\",\"url\":\"https:\\\/\\\/www.visalta.com\\\/\",\"logo\":{\"@type\":\"ImageObject\",\"inLanguage\":\"it-IT\",\"@id\":\"https:\\\/\\\/www.visalta.com\\\/#\\\/schema\\\/logo\\\/image\\\/\",\"url\":\"https:\\\/\\\/kxmjvmo.cluster100.hosting.ovh.net\\\/wp-content\\\/uploads\\\/2026\\\/02\\\/visalta-logo.png\",\"contentUrl\":\"https:\\\/\\\/kxmjvmo.cluster100.hosting.ovh.net\\\/wp-content\\\/uploads\\\/2026\\\/02\\\/visalta-logo.png\",\"width\":859,\"height\":144,\"caption\":\"Visalta Management Consulting\"},\"image\":{\"@id\":\"https:\\\/\\\/www.visalta.com\\\/#\\\/schema\\\/logo\\\/image\\\/\"},\"sameAs\":[\"http:\\\/\\\/www.linkedin.com\\\/company\\\/2802131\"]}]}<\/script>\n<!-- \/ Yoast SEO plugin. -->","yoast_head_json":{"title":"Check Up dell'assetto organizzativo - WordPress","robots":{"index":"index","follow":"follow","max-snippet":"max-snippet:-1","max-image-preview":"max-image-preview:large","max-video-preview":"max-video-preview:-1"},"canonical":"https:\/\/www.visalta.com\/index.php\/servizi\/check-up-dellassetto-organizzativo\/","og_locale":"it_IT","og_type":"article","og_title":"Check Up dell'assetto organizzativo - WordPress","og_description":"Servizi di consulenza Check-up organizzativo Analisi approfondita del funzionamento aziendale per comprendere come le attivit\u00e0 vengono realmente svolte e individuare aree di miglioramento Cosa analizziamo Processi operativi e di supporto Struttura organizzativa e responsabilit\u00e0 Utilizzo delle tecnologie Distribuzione delle attivit\u00e0 Meccanismi di coordinamento Benefici Identificazione delle inefficienze Allineamento tra attivit\u00e0 e priorit\u00e0 strategiche Individuazione di [&hellip;]","og_url":"https:\/\/www.visalta.com\/index.php\/servizi\/check-up-dellassetto-organizzativo\/","og_site_name":"WordPress","article_modified_time":"2026-04-10T16:26:07+00:00","og_image":[{"url":"https:\/\/kxmjvmo.cluster100.hosting.ovh.net\/wp-content\/uploads\/2026\/04\/Collaborazione-strategica-in-ufficio.png","type":"","width":"","height":""}],"twitter_card":"summary_large_image","twitter_misc":{"Est. reading time":"1 minuto"},"schema":{"@context":"https:\/\/schema.org","@graph":[{"@type":"WebPage","@id":"https:\/\/www.visalta.com\/index.php\/servizi\/check-up-dellassetto-organizzativo\/","url":"https:\/\/www.visalta.com\/index.php\/servizi\/check-up-dellassetto-organizzativo\/","name":"Check Up dell'assetto organizzativo - WordPress","isPartOf":{"@id":"https:\/\/www.visalta.com\/#website"},"primaryImageOfPage":{"@id":"https:\/\/www.visalta.com\/index.php\/servizi\/check-up-dellassetto-organizzativo\/#primaryimage"},"image":{"@id":"https:\/\/www.visalta.com\/index.php\/servizi\/check-up-dellassetto-organizzativo\/#primaryimage"},"thumbnailUrl":"https:\/\/kxmjvmo.cluster100.hosting.ovh.net\/wp-content\/uploads\/2026\/04\/Collaborazione-strategica-in-ufficio.png","datePublished":"2026-02-14T11:46:21+00:00","dateModified":"2026-04-10T16:26:07+00:00","breadcrumb":{"@id":"https:\/\/www.visalta.com\/index.php\/servizi\/check-up-dellassetto-organizzativo\/#breadcrumb"},"inLanguage":"it-IT","potentialAction":[{"@type":"ReadAction","target":["https:\/\/www.visalta.com\/index.php\/servizi\/check-up-dellassetto-organizzativo\/"]}]},{"@type":"ImageObject","inLanguage":"it-IT","@id":"https:\/\/www.visalta.com\/index.php\/servizi\/check-up-dellassetto-organizzativo\/#primaryimage","url":"https:\/\/kxmjvmo.cluster100.hosting.ovh.net\/wp-content\/uploads\/2026\/04\/Collaborazione-strategica-in-ufficio.png","contentUrl":"https:\/\/kxmjvmo.cluster100.hosting.ovh.net\/wp-content\/uploads\/2026\/04\/Collaborazione-strategica-in-ufficio.png"},{"@type":"BreadcrumbList","@id":"https:\/\/www.visalta.com\/index.php\/servizi\/check-up-dellassetto-organizzativo\/#breadcrumb","itemListElement":[{"@type":"ListItem","position":1,"name":"Home","item":"https:\/\/www.visalta.com\/"},{"@type":"ListItem","position":2,"name":"Servizi","item":"https:\/\/www.visalta.com\/index.php\/servizi\/"},{"@type":"ListItem","position":3,"name":"Check Up dell&#8217;assetto organizzativo"}]},{"@type":"WebSite","@id":"https:\/\/www.visalta.com\/#website","url":"https:\/\/www.visalta.com\/","name":"Visalta","description":"","publisher":{"@id":"https:\/\/www.visalta.com\/#organization"},"potentialAction":[{"@type":"SearchAction","target":{"@type":"EntryPoint","urlTemplate":"https:\/\/www.visalta.com\/?s={search_term_string}"},"query-input":{"@type":"PropertyValueSpecification","valueRequired":true,"valueName":"search_term_string"}}],"inLanguage":"it-IT"},{"@type":"Organization","@id":"https:\/\/www.visalta.com\/#organization","name":"Visalta Management Consulting","url":"https:\/\/www.visalta.com\/","logo":{"@type":"ImageObject","inLanguage":"it-IT","@id":"https:\/\/www.visalta.com\/#\/schema\/logo\/image\/","url":"https:\/\/kxmjvmo.cluster100.hosting.ovh.net\/wp-content\/uploads\/2026\/02\/visalta-logo.png","contentUrl":"https:\/\/kxmjvmo.cluster100.hosting.ovh.net\/wp-content\/uploads\/2026\/02\/visalta-logo.png","width":859,"height":144,"caption":"Visalta Management Consulting"},"image":{"@id":"https:\/\/www.visalta.com\/#\/schema\/logo\/image\/"},"sameAs":["http:\/\/www.linkedin.com\/company\/2802131"]}]}},"_links":{"self":[{"href":"https:\/\/www.visalta.com\/index.php\/wp-json\/wp\/v2\/pages\/879","targetHints":{"allow":["GET"]}}],"collection":[{"href":"https:\/\/www.visalta.com\/index.php\/wp-json\/wp\/v2\/pages"}],"about":[{"href":"https:\/\/www.visalta.com\/index.php\/wp-json\/wp\/v2\/types\/page"}],"author":[{"embeddable":true,"href":"https:\/\/www.visalta.com\/index.php\/wp-json\/wp\/v2\/users\/1"}],"replies":[{"embeddable":true,"href":"https:\/\/www.visalta.com\/index.php\/wp-json\/wp\/v2\/comments?post=879"}],"version-history":[{"count":69,"href":"https:\/\/www.visalta.com\/index.php\/wp-json\/wp\/v2\/pages\/879\/revisions"}],"predecessor-version":[{"id":2180,"href":"https:\/\/www.visalta.com\/index.php\/wp-json\/wp\/v2\/pages\/879\/revisions\/2180"}],"up":[{"embeddable":true,"href":"https:\/\/www.visalta.com\/index.php\/wp-json\/wp\/v2\/pages\/894"}],"wp:attachment":[{"href":"https:\/\/www.visalta.com\/index.php\/wp-json\/wp\/v2\/media?parent=879"}],"curies":[{"name":"wp","href":"https:\/\/api.w.org\/{rel}","templated":true}]}}